{"id":129,"date":"2023-02-15T13:51:06","date_gmt":"2023-02-15T13:51:06","guid":{"rendered":"https:\/\/www.unique-car-wrapping.de\/?page_id=129"},"modified":"2023-05-25T12:32:25","modified_gmt":"2023-05-25T12:32:25","slug":"arbeiten","status":"publish","type":"page","link":"https:\/\/www.unique-car-wrapping.de\/index.php\/arbeiten\/","title":{"rendered":"Arbeiten"},"content":{"rendered":"\t\t<div data-elementor-type=\"wp-page\" data-elementor-id=\"129\" class=\"elementor elementor-129\">\n\t\t\t\t\t\t\t\t\t<section class=\"elementor-section elementor-top-section elementor-element elementor-element-da4b316 elementor-section-boxed elementor-section-height-default elementor-section-height-default\" data-id=\"da4b316\" data-element_type=\"section\">\n\t\t\t\t\t\t<div class=\"elementor-container elementor-column-gap-default\">\n\t\t\t\t\t<div class=\"elementor-column elementor-col-50 elementor-top-column elementor-element elementor-element-680e378\" data-id=\"680e378\" data-element_type=\"column\">\n\t\t\t<div class=\"elementor-widget-wrap elementor-element-populated\">\n\t\t\t\t\t\t\t\t<div class=\"elementor-element elementor-element-ebf3084 elementor-hidden-mobile elementor-widget elementor-widget-heading\" data-id=\"ebf3084\" data-element_type=\"widget\" data-widget_type=\"heading.default\">\n\t\t\t\t<div class=\"elementor-widget-container\">\n\t\t\t<style>\/*! elementor - v3.13.3 - 22-05-2023 *\/\n.elementor-heading-title{padding:0;margin:0;line-height:1}.elementor-widget-heading .elementor-heading-title[class*=elementor-size-]>a{color:inherit;font-size:inherit;line-height:inherit}.elementor-widget-heading .elementor-heading-title.elementor-size-small{font-size:15px}.elementor-widget-heading .elementor-heading-title.elementor-size-medium{font-size:19px}.elementor-widget-heading .elementor-heading-title.elementor-size-large{font-size:29px}.elementor-widget-heading .elementor-heading-title.elementor-size-xl{font-size:39px}.elementor-widget-heading .elementor-heading-title.elementor-size-xxl{font-size:59px}<\/style><h1 class=\"elementor-heading-title elementor-size-default\">|<\/h1>\t\t<\/div>\n\t\t\t\t<\/div>\n\t\t\t\t\t<\/div>\n\t\t<\/div>\n\t\t\t\t<div class=\"elementor-column elementor-col-50 elementor-top-column elementor-element elementor-element-caa75e6\" data-id=\"caa75e6\" data-element_type=\"column\">\n\t\t\t<div class=\"elementor-widget-wrap elementor-element-populated\">\n\t\t\t\t\t\t\t\t<div class=\"elementor-element elementor-element-157ddb2 elementor-widget elementor-widget-heading\" data-id=\"157ddb2\" data-element_type=\"widget\" data-widget_type=\"heading.default\">\n\t\t\t\t<div class=\"elementor-widget-container\">\n\t\t\t<h1 class=\"elementor-heading-title elementor-size-default\">protective. creative. unique.<\/h1>\t\t<\/div>\n\t\t\t\t<\/div>\n\t\t\t\t\t<\/div>\n\t\t<\/div>\n\t\t\t\t\t\t\t<\/div>\n\t\t<\/section>\n\t\t\t\t<section class=\"elementor-section elementor-top-section elementor-element elementor-element-4ce9ec3 elementor-section-boxed elementor-section-height-default elementor-section-height-default\" data-id=\"4ce9ec3\" data-element_type=\"section\">\n\t\t\t\t\t\t<div class=\"elementor-container elementor-column-gap-default\">\n\t\t\t\t\t<div class=\"elementor-column elementor-col-16 elementor-top-column elementor-element elementor-element-515485c\" data-id=\"515485c\" data-element_type=\"column\">\n\t\t\t<div class=\"elementor-widget-wrap\">\n\t\t\t\t\t\t\t\t\t<\/div>\n\t\t<\/div>\n\t\t\t\t<div class=\"elementor-column elementor-col-66 elementor-top-column elementor-element elementor-element-6871696\" data-id=\"6871696\" data-element_type=\"column\">\n\t\t\t<div class=\"elementor-widget-wrap elementor-element-populated\">\n\t\t\t\t\t\t\t\t<div class=\"elementor-element elementor-element-3c5ef60 elementor-widget elementor-widget-text-editor\" data-id=\"3c5ef60\" data-element_type=\"widget\" data-widget_type=\"text-editor.default\">\n\t\t\t\t<div class=\"elementor-widget-container\">\n\t\t\t<style>\/*! elementor - v3.13.3 - 22-05-2023 *\/\n.elementor-widget-text-editor.elementor-drop-cap-view-stacked .elementor-drop-cap{background-color:#69727d;color:#fff}.elementor-widget-text-editor.elementor-drop-cap-view-framed .elementor-drop-cap{color:#69727d;border:3px solid;background-color:transparent}.elementor-widget-text-editor:not(.elementor-drop-cap-view-default) .elementor-drop-cap{margin-top:8px}.elementor-widget-text-editor:not(.elementor-drop-cap-view-default) .elementor-drop-cap-letter{width:1em;height:1em}.elementor-widget-text-editor .elementor-drop-cap{float:left;text-align:center;line-height:1;font-size:50px}.elementor-widget-text-editor .elementor-drop-cap-letter{display:inline-block}<\/style>\t\t\t\t<p>Sie lieben Ihr Fahrzeug und m\u00f6chten es individuell gestalten? Wir bieten Ihnen eine Kombination aus effektiver Schutzfolierung und ansprechendem Design. W\u00e4hlen Sie aus unseren Folienf\u00e4chern Ihre pers\u00f6nlichen Farben aus und lassen Sie Ihr Auto in neuem Glanz erscheinen.<\/p><p>Sie haben bereits Ihre Wunschfarbe und m\u00f6chten dem Lack einen besonderen Schutz geben? Dann ist unsere transparente Lackschutz-Folie genau das Richtige! Dank selbstheilender Funktion sch\u00fctzt sie effektiv vor Steinschl\u00e4gen, Kratzern und Umwelteinfl\u00fcssen. Dabei bleibt die Intensit\u00e4t der originalen Farbe des Lacks erhalten.<\/p><p>Darf es ein bisschen kreativer sein? Lassen Sie sich von unserer Designerin ganz individuell und einzigartig Ihr Wunschdesign anfertigen und umsetzen &#8211; Ideen grenzenlos!<\/p>\t\t\t\t\t\t<\/div>\n\t\t\t\t<\/div>\n\t\t\t\t\t<\/div>\n\t\t<\/div>\n\t\t\t\t<div class=\"elementor-column elementor-col-16 elementor-top-column elementor-element elementor-element-22b40fd\" data-id=\"22b40fd\" data-element_type=\"column\">\n\t\t\t<div class=\"elementor-widget-wrap\">\n\t\t\t\t\t\t\t\t\t<\/div>\n\t\t<\/div>\n\t\t\t\t\t\t\t<\/div>\n\t\t<\/section>\n\t\t\t\t<section class=\"elementor-section elementor-top-section elementor-element elementor-element-b143867 elementor-section-boxed elementor-section-height-default elementor-section-height-default\" data-id=\"b143867\" data-element_type=\"section\">\n\t\t\t\t\t\t<div class=\"elementor-container elementor-column-gap-default\">\n\t\t\t\t\t<div class=\"elementor-column elementor-col-100 elementor-top-column elementor-element elementor-element-502f63f\" data-id=\"502f63f\" data-element_type=\"column\">\n\t\t\t<div class=\"elementor-widget-wrap elementor-element-populated\">\n\t\t\t\t\t\t\t\t<div class=\"elementor-element elementor-element-7306c74 elementor-widget elementor-widget-heading\" data-id=\"7306c74\" data-element_type=\"widget\" data-widget_type=\"heading.default\">\n\t\t\t\t<div class=\"elementor-widget-container\">\n\t\t\t<h2 class=\"elementor-heading-title elementor-size-default\">UNSERE ARBEITEN<\/h2>\t\t<\/div>\n\t\t\t\t<\/div>\n\t\t\t\t\t<\/div>\n\t\t<\/div>\n\t\t\t\t\t\t\t<\/div>\n\t\t<\/section>\n\t\t\t\t<section class=\"elementor-section elementor-top-section elementor-element elementor-element-8920f44 elementor-section-boxed elementor-section-height-default elementor-section-height-default\" data-id=\"8920f44\" data-element_type=\"section\">\n\t\t\t\t\t\t<div class=\"elementor-container elementor-column-gap-default\">\n\t\t\t\t\t<div class=\"elementor-column elementor-col-50 elementor-top-column elementor-element elementor-element-dd4a96a\" data-id=\"dd4a96a\" data-element_type=\"column\">\n\t\t\t<div class=\"elementor-widget-wrap elementor-element-populated\">\n\t\t\t\t\t\t\t\t<div class=\"elementor-element elementor-element-a8a1b4d elementor-widget elementor-widget-image\" data-id=\"a8a1b4d\" data-element_type=\"widget\" data-widget_type=\"image.default\">\n\t\t\t\t<div class=\"elementor-widget-container\">\n\t\t\t<style>\/*! elementor - v3.13.3 - 22-05-2023 *\/\n.elementor-widget-image{text-align:center}.elementor-widget-image a{display:inline-block}.elementor-widget-image a img[src$=\".svg\"]{width:48px}.elementor-widget-image img{vertical-align:middle;display:inline-block}<\/style>\t\t\t\t\t\t\t\t\t<figure class=\"wp-caption\">\n\t\t\t\t\t\t\t\t\t\t\t<a href=\"https:\/\/www.unique-car-wrapping.de\/index.php\/vollfolierungen\/\">\n\t\t\t\t\t\t\t<img loading=\"lazy\" decoding=\"async\" width=\"1024\" height=\"640\" src=\"https:\/\/www.unique-car-wrapping.de\/wp-content\/uploads\/2023\/04\/2020_Gallerie_1200x750px_Vollfolierungen3-ad1f315c-1-1024x640.jpg\" class=\"attachment-large size-large wp-image-298\" alt=\"\" srcset=\"https:\/\/www.unique-car-wrapping.de\/wp-content\/uploads\/2023\/04\/2020_Gallerie_1200x750px_Vollfolierungen3-ad1f315c-1-1024x640.jpg 1024w, https:\/\/www.unique-car-wrapping.de\/wp-content\/uploads\/2023\/04\/2020_Gallerie_1200x750px_Vollfolierungen3-ad1f315c-1-300x188.jpg 300w, https:\/\/www.unique-car-wrapping.de\/wp-content\/uploads\/2023\/04\/2020_Gallerie_1200x750px_Vollfolierungen3-ad1f315c-1-768x480.jpg 768w, https:\/\/www.unique-car-wrapping.de\/wp-content\/uploads\/2023\/04\/2020_Gallerie_1200x750px_Vollfolierungen3-ad1f315c-1-1536x960.jpg 1536w, https:\/\/www.unique-car-wrapping.de\/wp-content\/uploads\/2023\/04\/2020_Gallerie_1200x750px_Vollfolierungen3-ad1f315c-1-2048x1280.jpg 2048w\" sizes=\"auto, (max-width: 1024px) 100vw, 1024px\" \/>\t\t\t\t\t\t\t\t<\/a>\n\t\t\t\t\t\t\t\t\t\t\t<figcaption class=\"widget-image-caption wp-caption-text\">VOLLFOLIERUNGEN<\/figcaption>\n\t\t\t\t\t\t\t\t\t\t<\/figure>\n\t\t\t\t\t\t\t\t\t<\/div>\n\t\t\t\t<\/div>\n\t\t\t\t\t<\/div>\n\t\t<\/div>\n\t\t\t\t<div class=\"elementor-column elementor-col-50 elementor-top-column elementor-element elementor-element-774067c\" data-id=\"774067c\" data-element_type=\"column\">\n\t\t\t<div class=\"elementor-widget-wrap elementor-element-populated\">\n\t\t\t\t\t\t\t\t<div class=\"elementor-element elementor-element-e26997d elementor-widget elementor-widget-image\" data-id=\"e26997d\" data-element_type=\"widget\" data-widget_type=\"image.default\">\n\t\t\t\t<div class=\"elementor-widget-container\">\n\t\t\t\t\t\t\t\t\t\t\t\t<figure class=\"wp-caption\">\n\t\t\t\t\t\t\t\t\t\t\t<a href=\"https:\/\/www.unique-car-wrapping.de\/index.php\/design-folierungen\/\">\n\t\t\t\t\t\t\t<img loading=\"lazy\" decoding=\"async\" width=\"1024\" height=\"640\" src=\"https:\/\/www.unique-car-wrapping.de\/wp-content\/uploads\/2023\/04\/2020_Galerie_1200x750px_Designfolierungen-6fa35ca9-1024x640.jpeg\" class=\"attachment-large size-large wp-image-343\" alt=\"\" srcset=\"https:\/\/www.unique-car-wrapping.de\/wp-content\/uploads\/2023\/04\/2020_Galerie_1200x750px_Designfolierungen-6fa35ca9-1024x640.jpeg 1024w, https:\/\/www.unique-car-wrapping.de\/wp-content\/uploads\/2023\/04\/2020_Galerie_1200x750px_Designfolierungen-6fa35ca9-300x188.jpeg 300w, https:\/\/www.unique-car-wrapping.de\/wp-content\/uploads\/2023\/04\/2020_Galerie_1200x750px_Designfolierungen-6fa35ca9-768x480.jpeg 768w, https:\/\/www.unique-car-wrapping.de\/wp-content\/uploads\/2023\/04\/2020_Galerie_1200x750px_Designfolierungen-6fa35ca9-1536x960.jpeg 1536w, https:\/\/www.unique-car-wrapping.de\/wp-content\/uploads\/2023\/04\/2020_Galerie_1200x750px_Designfolierungen-6fa35ca9.jpeg 1920w\" sizes=\"auto, (max-width: 1024px) 100vw, 1024px\" \/>\t\t\t\t\t\t\t\t<\/a>\n\t\t\t\t\t\t\t\t\t\t\t<figcaption class=\"widget-image-caption wp-caption-text\">DESIGN-FOLIERUNGEN<\/figcaption>\n\t\t\t\t\t\t\t\t\t\t<\/figure>\n\t\t\t\t\t\t\t\t\t<\/div>\n\t\t\t\t<\/div>\n\t\t\t\t\t<\/div>\n\t\t<\/div>\n\t\t\t\t\t\t\t<\/div>\n\t\t<\/section>\n\t\t\t\t<section class=\"elementor-section elementor-top-section elementor-element elementor-element-36b7632 elementor-section-boxed elementor-section-height-default elementor-section-height-default\" data-id=\"36b7632\" data-element_type=\"section\">\n\t\t\t\t\t\t<div class=\"elementor-container elementor-column-gap-default\">\n\t\t\t\t\t<div class=\"elementor-column elementor-col-50 elementor-top-column elementor-element elementor-element-6ebe00e\" data-id=\"6ebe00e\" data-element_type=\"column\">\n\t\t\t<div class=\"elementor-widget-wrap elementor-element-populated\">\n\t\t\t\t\t\t\t\t<div class=\"elementor-element elementor-element-6bbcbde elementor-widget elementor-widget-image\" data-id=\"6bbcbde\" data-element_type=\"widget\" data-widget_type=\"image.default\">\n\t\t\t\t<div class=\"elementor-widget-container\">\n\t\t\t\t\t\t\t\t\t\t\t\t<figure class=\"wp-caption\">\n\t\t\t\t\t\t\t\t\t\t\t<a href=\"https:\/\/www.unique-car-wrapping.de\/index.php\/lackschutz-folierungen\/\">\n\t\t\t\t\t\t\t<img loading=\"lazy\" decoding=\"async\" width=\"1024\" height=\"640\" src=\"https:\/\/www.unique-car-wrapping.de\/wp-content\/uploads\/2023\/04\/2020_Gallerie_1200x750px_Steinschlagschutz11-798feec5-1024x640.jpeg\" class=\"attachment-large size-large wp-image-328\" alt=\"\" srcset=\"https:\/\/www.unique-car-wrapping.de\/wp-content\/uploads\/2023\/04\/2020_Gallerie_1200x750px_Steinschlagschutz11-798feec5-1024x640.jpeg 1024w, https:\/\/www.unique-car-wrapping.de\/wp-content\/uploads\/2023\/04\/2020_Gallerie_1200x750px_Steinschlagschutz11-798feec5-300x188.jpeg 300w, https:\/\/www.unique-car-wrapping.de\/wp-content\/uploads\/2023\/04\/2020_Gallerie_1200x750px_Steinschlagschutz11-798feec5-768x480.jpeg 768w, https:\/\/www.unique-car-wrapping.de\/wp-content\/uploads\/2023\/04\/2020_Gallerie_1200x750px_Steinschlagschutz11-798feec5.jpeg 1200w\" sizes=\"auto, (max-width: 1024px) 100vw, 1024px\" \/>\t\t\t\t\t\t\t\t<\/a>\n\t\t\t\t\t\t\t\t\t\t\t<figcaption class=\"widget-image-caption wp-caption-text\">LACKSCHUTZ-FOLIERUNGEN<\/figcaption>\n\t\t\t\t\t\t\t\t\t\t<\/figure>\n\t\t\t\t\t\t\t\t\t<\/div>\n\t\t\t\t<\/div>\n\t\t\t\t\t<\/div>\n\t\t<\/div>\n\t\t\t\t<div class=\"elementor-column elementor-col-50 elementor-top-column elementor-element elementor-element-9397f1f\" data-id=\"9397f1f\" data-element_type=\"column\">\n\t\t\t<div class=\"elementor-widget-wrap\">\n\t\t\t\t\t\t\t\t\t<\/div>\n\t\t<\/div>\n\t\t\t\t\t\t\t<\/div>\n\t\t<\/section>\n\t\t\t\t\t\t\t<\/div>\n\t\t","protected":false},"excerpt":{"rendered":"<p>| protective. creative. unique. Sie lieben Ihr Fahrzeug und m\u00f6chten es individuell gestalten? Wir bieten Ihnen eine Kombination aus effektiver Schutzfolierung und ansprechendem Design. W\u00e4hlen Sie aus unseren Folienf\u00e4chern Ihre pers\u00f6nlichen Farben aus und lassen Sie Ihr Auto in neuem Glanz erscheinen. Sie haben bereits Ihre Wunschfarbe und m\u00f6chten dem Lack einen besonderen Schutz geben? [&hellip;]<\/p>\n","protected":false},"author":1,"featured_media":0,"parent":0,"menu_order":0,"comment_status":"closed","ping_status":"closed","template":"","meta":{"footnotes":""},"class_list":["post-129","page","type-page","status-publish","hentry","entry"],"_links":{"self":[{"href":"https:\/\/www.unique-car-wrapping.de\/index.php\/wp-json\/wp\/v2\/pages\/129","targetHints":{"allow":["GET"]}}],"collection":[{"href":"https:\/\/www.unique-car-wrapping.de\/index.php\/wp-json\/wp\/v2\/pages"}],"about":[{"href":"https:\/\/www.unique-car-wrapping.de\/index.php\/wp-json\/wp\/v2\/types\/page"}],"author":[{"embeddable":true,"href":"https:\/\/www.unique-car-wrapping.de\/index.php\/wp-json\/wp\/v2\/users\/1"}],"replies":[{"embeddable":true,"href":"https:\/\/www.unique-car-wrapping.de\/index.php\/wp-json\/wp\/v2\/comments?post=129"}],"version-history":[{"count":76,"href":"https:\/\/www.unique-car-wrapping.de\/index.php\/wp-json\/wp\/v2\/pages\/129\/revisions"}],"predecessor-version":[{"id":713,"href":"https:\/\/www.unique-car-wrapping.de\/index.php\/wp-json\/wp\/v2\/pages\/129\/revisions\/713"}],"wp:attachment":[{"href":"https:\/\/www.unique-car-wrapping.de\/index.php\/wp-json\/wp\/v2\/media?parent=129"}],"curies":[{"name":"wp","href":"https:\/\/api.w.org\/{rel}","templated":true}]}}