{"id":131,"date":"2023-02-15T13:51:37","date_gmt":"2023-02-15T13:51:37","guid":{"rendered":"https:\/\/www.unique-car-wrapping.de\/?page_id=131"},"modified":"2023-05-25T12:05:14","modified_gmt":"2023-05-25T12:05:14","slug":"starke-partner","status":"publish","type":"page","link":"https:\/\/www.unique-car-wrapping.de\/index.php\/starke-partner\/","title":{"rendered":"Starke Partner"},"content":{"rendered":"\t\t<div data-elementor-type=\"wp-page\" data-elementor-id=\"131\" class=\"elementor elementor-131\">\n\t\t\t\t\t\t\t\t\t<section class=\"elementor-section elementor-top-section elementor-element elementor-element-80bf48e elementor-section-boxed elementor-section-height-default elementor-section-height-default\" data-id=\"80bf48e\" data-element_type=\"section\">\n\t\t\t\t\t\t<div class=\"elementor-container elementor-column-gap-default\">\n\t\t\t\t\t<div class=\"elementor-column elementor-col-100 elementor-top-column elementor-element elementor-element-f0de164\" data-id=\"f0de164\" data-element_type=\"column\">\n\t\t\t<div class=\"elementor-widget-wrap elementor-element-populated\">\n\t\t\t\t\t\t\t\t<div class=\"elementor-element elementor-element-8eccb19 elementor-widget elementor-widget-image\" data-id=\"8eccb19\" data-element_type=\"widget\" data-widget_type=\"image.default\">\n\t\t\t\t<div class=\"elementor-widget-container\">\n\t\t\t<style>\/*! elementor - v3.13.3 - 22-05-2023 *\/\n.elementor-widget-image{text-align:center}.elementor-widget-image a{display:inline-block}.elementor-widget-image a img[src$=\".svg\"]{width:48px}.elementor-widget-image img{vertical-align:middle;display:inline-block}<\/style>\t\t\t\t\t\t\t\t\t\t\t\t<img loading=\"lazy\" decoding=\"async\" width=\"1024\" height=\"371\" src=\"https:\/\/www.unique-car-wrapping.de\/wp-content\/uploads\/2023\/04\/Galerie_Kundenleihwagen_1920x695px-f6dcabce-1024x371.jpeg\" class=\"attachment-large size-large wp-image-486\" alt=\"\" srcset=\"https:\/\/www.unique-car-wrapping.de\/wp-content\/uploads\/2023\/04\/Galerie_Kundenleihwagen_1920x695px-f6dcabce-1024x371.jpeg 1024w, https:\/\/www.unique-car-wrapping.de\/wp-content\/uploads\/2023\/04\/Galerie_Kundenleihwagen_1920x695px-f6dcabce-300x109.jpeg 300w, https:\/\/www.unique-car-wrapping.de\/wp-content\/uploads\/2023\/04\/Galerie_Kundenleihwagen_1920x695px-f6dcabce-768x278.jpeg 768w, https:\/\/www.unique-car-wrapping.de\/wp-content\/uploads\/2023\/04\/Galerie_Kundenleihwagen_1920x695px-f6dcabce-1536x556.jpeg 1536w, https:\/\/www.unique-car-wrapping.de\/wp-content\/uploads\/2023\/04\/Galerie_Kundenleihwagen_1920x695px-f6dcabce.jpeg 1920w\" sizes=\"auto, (max-width: 1024px) 100vw, 1024px\" \/>\t\t\t\t\t\t\t\t\t\t\t\t\t\t\t<\/div>\n\t\t\t\t<\/div>\n\t\t\t\t\t<\/div>\n\t\t<\/div>\n\t\t\t\t\t\t\t<\/div>\n\t\t<\/section>\n\t\t\t\t<section class=\"elementor-section elementor-top-section elementor-element elementor-element-20780b3 elementor-section-boxed elementor-section-height-default elementor-section-height-default\" data-id=\"20780b3\" data-element_type=\"section\">\n\t\t\t\t\t\t<div class=\"elementor-container elementor-column-gap-default\">\n\t\t\t\t\t<div class=\"elementor-column elementor-col-50 elementor-top-column elementor-element elementor-element-60486a6\" data-id=\"60486a6\" data-element_type=\"column\">\n\t\t\t<div class=\"elementor-widget-wrap elementor-element-populated\">\n\t\t\t\t\t\t\t\t<div class=\"elementor-element elementor-element-5539a1c elementor-hidden-mobile elementor-widget elementor-widget-heading\" data-id=\"5539a1c\" data-element_type=\"widget\" data-widget_type=\"heading.default\">\n\t\t\t\t<div class=\"elementor-widget-container\">\n\t\t\t<style>\/*! elementor - v3.13.3 - 22-05-2023 *\/\n.elementor-heading-title{padding:0;margin:0;line-height:1}.elementor-widget-heading .elementor-heading-title[class*=elementor-size-]>a{color:inherit;font-size:inherit;line-height:inherit}.elementor-widget-heading .elementor-heading-title.elementor-size-small{font-size:15px}.elementor-widget-heading .elementor-heading-title.elementor-size-medium{font-size:19px}.elementor-widget-heading .elementor-heading-title.elementor-size-large{font-size:29px}.elementor-widget-heading .elementor-heading-title.elementor-size-xl{font-size:39px}.elementor-widget-heading .elementor-heading-title.elementor-size-xxl{font-size:59px}<\/style><h2 class=\"elementor-heading-title elementor-size-default\">|<\/h2>\t\t<\/div>\n\t\t\t\t<\/div>\n\t\t\t\t\t<\/div>\n\t\t<\/div>\n\t\t\t\t<div class=\"elementor-column elementor-col-50 elementor-top-column elementor-element elementor-element-98a24b5\" data-id=\"98a24b5\" data-element_type=\"column\">\n\t\t\t<div class=\"elementor-widget-wrap elementor-element-populated\">\n\t\t\t\t\t\t\t\t<div class=\"elementor-element elementor-element-231d8ec elementor-widget elementor-widget-heading\" data-id=\"231d8ec\" data-element_type=\"widget\" data-widget_type=\"heading.default\">\n\t\t\t\t<div class=\"elementor-widget-container\">\n\t\t\t<h1 class=\"elementor-heading-title elementor-size-default\">starke partner.<\/h1>\t\t<\/div>\n\t\t\t\t<\/div>\n\t\t\t\t\t<\/div>\n\t\t<\/div>\n\t\t\t\t\t\t\t<\/div>\n\t\t<\/section>\n\t\t\t\t<section class=\"elementor-section elementor-top-section elementor-element elementor-element-00c76a7 elementor-section-boxed elementor-section-height-default elementor-section-height-default\" data-id=\"00c76a7\" data-element_type=\"section\">\n\t\t\t\t\t\t<div class=\"elementor-container elementor-column-gap-default\">\n\t\t\t\t\t<div class=\"elementor-column elementor-col-25 elementor-top-column elementor-element elementor-element-61e4ce5\" data-id=\"61e4ce5\" data-element_type=\"column\">\n\t\t\t<div class=\"elementor-widget-wrap\">\n\t\t\t\t\t\t\t\t\t<\/div>\n\t\t<\/div>\n\t\t\t\t<div class=\"elementor-column elementor-col-25 elementor-top-column elementor-element elementor-element-1065c4f\" data-id=\"1065c4f\" data-element_type=\"column\">\n\t\t\t<div class=\"elementor-widget-wrap elementor-element-populated\">\n\t\t\t\t\t\t\t\t<div class=\"elementor-element elementor-element-9516975 elementor-widget elementor-widget-image\" data-id=\"9516975\" data-element_type=\"widget\" data-widget_type=\"image.default\">\n\t\t\t\t<div class=\"elementor-widget-container\">\n\t\t\t\t\t\t\t\t\t\t\t\t\t\t\t\t<a href=\"https:\/\/www.autoglascenter.eu\/\">\n\t\t\t\t\t\t\t<img loading=\"lazy\" decoding=\"async\" width=\"695\" height=\"400\" src=\"https:\/\/www.unique-car-wrapping.de\/wp-content\/uploads\/2023\/04\/partner_autoglascenter_695x400px-58eeb751.png\" class=\"attachment-large size-large wp-image-497\" alt=\"\" srcset=\"https:\/\/www.unique-car-wrapping.de\/wp-content\/uploads\/2023\/04\/partner_autoglascenter_695x400px-58eeb751.png 695w, https:\/\/www.unique-car-wrapping.de\/wp-content\/uploads\/2023\/04\/partner_autoglascenter_695x400px-58eeb751-300x173.png 300w\" sizes=\"auto, (max-width: 695px) 100vw, 695px\" \/>\t\t\t\t\t\t\t\t<\/a>\n\t\t\t\t\t\t\t\t\t\t\t\t\t\t\t<\/div>\n\t\t\t\t<\/div>\n\t\t\t\t<div class=\"elementor-element elementor-element-cf6ebd7 elementor-widget elementor-widget-text-editor\" data-id=\"cf6ebd7\" data-element_type=\"widget\" data-widget_type=\"text-editor.default\">\n\t\t\t\t<div class=\"elementor-widget-container\">\n\t\t\t<style>\/*! elementor - v3.13.3 - 22-05-2023 *\/\n.elementor-widget-text-editor.elementor-drop-cap-view-stacked .elementor-drop-cap{background-color:#69727d;color:#fff}.elementor-widget-text-editor.elementor-drop-cap-view-framed .elementor-drop-cap{color:#69727d;border:3px solid;background-color:transparent}.elementor-widget-text-editor:not(.elementor-drop-cap-view-default) .elementor-drop-cap{margin-top:8px}.elementor-widget-text-editor:not(.elementor-drop-cap-view-default) .elementor-drop-cap-letter{width:1em;height:1em}.elementor-widget-text-editor .elementor-drop-cap{float:left;text-align:center;line-height:1;font-size:50px}.elementor-widget-text-editor .elementor-drop-cap-letter{display:inline-block}<\/style>\t\t\t\t<p><strong>AutoglasCenter<\/strong><\/p><p>Scheibent\u00f6nung? &#8211; Von Steinschlagreparatur<br \/>\u00fcber Scheibenaustausch bis hin zur<br \/>Scheibenveredelung durch T\u00f6nungsfolien, im AutoglasCenter sind Sie rundum bestens versorgt.<\/p><p><a href=\"https:\/\/www.autoglascenter.eu\/\">MEHR ERFAHREN<\/a><\/p>\t\t\t\t\t\t<\/div>\n\t\t\t\t<\/div>\n\t\t\t\t\t<\/div>\n\t\t<\/div>\n\t\t\t\t<div class=\"elementor-column elementor-col-25 elementor-top-column elementor-element elementor-element-f7b4d90\" data-id=\"f7b4d90\" data-element_type=\"column\">\n\t\t\t<div class=\"elementor-widget-wrap elementor-element-populated\">\n\t\t\t\t\t\t\t\t<div class=\"elementor-element elementor-element-0ca1721 elementor-widget elementor-widget-image\" data-id=\"0ca1721\" data-element_type=\"widget\" data-widget_type=\"image.default\">\n\t\t\t\t<div class=\"elementor-widget-container\">\n\t\t\t\t\t\t\t\t\t\t\t\t\t\t\t\t<a href=\"https:\/\/www.cfc.de\/\">\n\t\t\t\t\t\t\t<img loading=\"lazy\" decoding=\"async\" width=\"695\" height=\"400\" src=\"https:\/\/www.unique-car-wrapping.de\/wp-content\/uploads\/2023\/04\/partner_cfc_695x400px-d154058c.png\" class=\"attachment-large size-large wp-image-498\" alt=\"\" srcset=\"https:\/\/www.unique-car-wrapping.de\/wp-content\/uploads\/2023\/04\/partner_cfc_695x400px-d154058c.png 695w, https:\/\/www.unique-car-wrapping.de\/wp-content\/uploads\/2023\/04\/partner_cfc_695x400px-d154058c-300x173.png 300w\" sizes=\"auto, (max-width: 695px) 100vw, 695px\" \/>\t\t\t\t\t\t\t\t<\/a>\n\t\t\t\t\t\t\t\t\t\t\t\t\t\t\t<\/div>\n\t\t\t\t<\/div>\n\t\t\t\t<div class=\"elementor-element elementor-element-484c7c2 elementor-widget elementor-widget-text-editor\" data-id=\"484c7c2\" data-element_type=\"widget\" data-widget_type=\"text-editor.default\">\n\t\t\t\t<div class=\"elementor-widget-container\">\n\t\t\t\t\t\t\t<p><strong>CFC Styling Station<\/strong><\/p><p>Wir sind stolzer CFC Styling Station Partner aus Eschweiler. Das ambitionierte Unternehmen ist unser Folienlieferant und zudem Empfehlungspartner im Bereich<br \/>Digitaldruck und Laminierung.<\/p><p><a href=\"https:\/\/www.cfc.de\/\">MEHR ERFAHREN<\/a><\/p>\t\t\t\t\t\t<\/div>\n\t\t\t\t<\/div>\n\t\t\t\t\t<\/div>\n\t\t<\/div>\n\t\t\t\t<div class=\"elementor-column elementor-col-25 elementor-top-column elementor-element elementor-element-c3b2bf3\" data-id=\"c3b2bf3\" data-element_type=\"column\">\n\t\t\t<div class=\"elementor-widget-wrap\">\n\t\t\t\t\t\t\t\t\t<\/div>\n\t\t<\/div>\n\t\t\t\t\t\t\t<\/div>\n\t\t<\/section>\n\t\t\t\t\t\t\t<\/div>\n\t\t","protected":false},"excerpt":{"rendered":"<p>| starke partner. AutoglasCenter Scheibent\u00f6nung? &#8211; Von Steinschlagreparatur\u00fcber Scheibenaustausch bis hin zurScheibenveredelung durch T\u00f6nungsfolien, im AutoglasCenter sind Sie rundum bestens versorgt. MEHR ERFAHREN CFC Styling Station Wir sind stolzer CFC Styling Station Partner aus Eschweiler. Das ambitionierte Unternehmen ist unser Folienlieferant und zudem Empfehlungspartner im BereichDigitaldruck und Laminierung. MEHR ERFAHREN<\/p>\n","protected":false},"author":1,"featured_media":0,"parent":0,"menu_order":0,"comment_status":"closed","ping_status":"closed","template":"","meta":{"footnotes":""},"class_list":["post-131","page","type-page","status-publish","hentry","entry"],"_links":{"self":[{"href":"https:\/\/www.unique-car-wrapping.de\/index.php\/wp-json\/wp\/v2\/pages\/131","targetHints":{"allow":["GET"]}}],"collection":[{"href":"https:\/\/www.unique-car-wrapping.de\/index.php\/wp-json\/wp\/v2\/pages"}],"about":[{"href":"https:\/\/www.unique-car-wrapping.de\/index.php\/wp-json\/wp\/v2\/types\/page"}],"author":[{"embeddable":true,"href":"https:\/\/www.unique-car-wrapping.de\/index.php\/wp-json\/wp\/v2\/users\/1"}],"replies":[{"embeddable":true,"href":"https:\/\/www.unique-car-wrapping.de\/index.php\/wp-json\/wp\/v2\/comments?post=131"}],"version-history":[{"count":43,"href":"https:\/\/www.unique-car-wrapping.de\/index.php\/wp-json\/wp\/v2\/pages\/131\/revisions"}],"predecessor-version":[{"id":704,"href":"https:\/\/www.unique-car-wrapping.de\/index.php\/wp-json\/wp\/v2\/pages\/131\/revisions\/704"}],"wp:attachment":[{"href":"https:\/\/www.unique-car-wrapping.de\/index.php\/wp-json\/wp\/v2\/media?parent=131"}],"curies":[{"name":"wp","href":"https:\/\/api.w.org\/{rel}","templated":true}]}}